{"id":1037,"date":"2023-07-06T00:23:13","date_gmt":"2023-07-06T00:23:13","guid":{"rendered":"https:\/\/3sense.tech\/product\/interface-x-pro\/"},"modified":"2023-07-06T00:23:13","modified_gmt":"2023-07-06T00:23:13","slug":"interface-x-pro","status":"publish","type":"product","link":"https:\/\/3sense.tech\/es\/product\/interface-x-pro\/","title":{"rendered":"Interface X-Pro"},"content":{"rendered":"","protected":false},"excerpt":{"rendered":"<p>Interface con capacidad de recibir hasta 3 sensores simult\u00e1neamente<\/p>\n<p>Usos diversos en el area medica y cientifica, alimentos, transporte y agricultura.<\/p>\n<p>Para uso en interiores o exteriores y en equipos fijos o m\u00f3viles<\/p>\n<p>Bater\u00eda de Ion Li con autonom\u00eda entre 5 y 30 d\u00edas<\/p>\n<p>Memoria interna de almacenamiento de datos de 7 d\u00edas<\/p>\n<p>Sistema de sincronizaci\u00f3n de datos en p\u00e9rdidas de transmisi\u00f3n<\/p>\n<p>Conectividad Wifi, 2G\/3G o Sigfox<\/p>\n<p>Incluye un a\u00f1o de plataforma Web<\/p>\n<p>IP-67<\/p>\n<p>Monitoreo del suministro de energ\u00eda<\/p>\n","protected":false},"featured_media":452,"template":"","meta":{"_joinchat":[]},"product_brand":[],"product_cat":[131,138,151,161,159,145,132,148],"product_tag":[],"class_list":{"0":"post-1037","1":"product","2":"type-product","3":"status-publish","4":"has-post-thumbnail","6":"product_cat-agricultura","7":"product_cat-alimentos","8":"product_cat-area-medica-y-cientifica","9":"product_cat-envio-y-transporte","10":"product_cat-interface-envio-y-transporte","11":"product_cat-interfaces-es","12":"product_cat-interfaces-agricultura","13":"product_cat-x-pro-es","15":"first","16":"instock","17":"taxable","18":"shipping-taxable","19":"purchasable","20":"product-type-simple"},"yoast_head":"<!-- This site is optimized with the Yoast SEO plugin v24.8 - https:\/\/yoast.com\/wordpress\/plugins\/seo\/ -->\n<title>Interface X-Pro - 3Sense<\/title>\n<meta name=\"robots\" content=\"index, follow, max-snippet:-1, max-image-preview:large, max-video-preview:-1\" \/>\n<link rel=\"canonical\" href=\"https:\/\/3sense.tech\/es\/product\/interface-x-pro\/\" \/>\n<meta property=\"og:locale\" content=\"es_ES\" \/>\n<meta property=\"og:type\" content=\"article\" \/>\n<meta property=\"og:title\" content=\"Interface X-Pro - 3Sense\" \/>\n<meta property=\"og:description\" content=\"Interface con capacidad de recibir hasta 3 sensores simult\u00e1neamente Usos diversos en el area medica y cientifica, alimentos, transporte y agricultura. Para uso en interiores o exteriores y en equipos fijos o m\u00f3viles Bater\u00eda de Ion Li con autonom\u00eda entre 5 y 30 d\u00edas Memoria interna de almacenamiento de datos de 7 d\u00edas Sistema de sincronizaci\u00f3n de datos en p\u00e9rdidas de transmisi\u00f3n Conectividad Wifi, 2G\/3G o Sigfox Incluye un a\u00f1o de plataforma Web IP-67 Monitoreo del suministro de energ\u00eda\" \/>\n<meta property=\"og:url\" content=\"https:\/\/3sense.tech\/es\/product\/interface-x-pro\/\" \/>\n<meta property=\"og:site_name\" content=\"3Sense\" \/>\n<meta property=\"og:image\" content=\"https:\/\/3sense.tech\/wp-content\/uploads\/2023\/07\/X-Pro-Interface.jpg\" \/>\n\t<meta property=\"og:image:width\" content=\"1350\" \/>\n\t<meta property=\"og:image:height\" content=\"1350\" \/>\n\t<meta property=\"og:image:type\" content=\"image\/jpeg\" \/>\n<meta name=\"twitter:card\" content=\"summary_large_image\" \/>\n<script type=\"application\/ld+json\" class=\"yoast-schema-graph\">{\"@context\":\"https:\/\/schema.org\",\"@graph\":[{\"@type\":\"WebPage\",\"@id\":\"https:\/\/3sense.tech\/es\/product\/interface-x-pro\/\",\"url\":\"https:\/\/3sense.tech\/es\/product\/interface-x-pro\/\",\"name\":\"Interface X-Pro - 3Sense\",\"isPartOf\":{\"@id\":\"https:\/\/3sense.tech\/es\/#website\"},\"primaryImageOfPage\":{\"@id\":\"https:\/\/3sense.tech\/es\/product\/interface-x-pro\/#primaryimage\"},\"image\":{\"@id\":\"https:\/\/3sense.tech\/es\/product\/interface-x-pro\/#primaryimage\"},\"thumbnailUrl\":\"https:\/\/3sense.tech\/wp-content\/uploads\/2023\/07\/X-Pro-Interface.jpg\",\"datePublished\":\"2023-07-06T00:23:13+00:00\",\"breadcrumb\":{\"@id\":\"https:\/\/3sense.tech\/es\/product\/interface-x-pro\/#breadcrumb\"},\"inLanguage\":\"es\",\"potentialAction\":[{\"@type\":\"ReadAction\",\"target\":[\"https:\/\/3sense.tech\/es\/product\/interface-x-pro\/\"]}]},{\"@type\":\"ImageObject\",\"inLanguage\":\"es\",\"@id\":\"https:\/\/3sense.tech\/es\/product\/interface-x-pro\/#primaryimage\",\"url\":\"https:\/\/3sense.tech\/wp-content\/uploads\/2023\/07\/X-Pro-Interface.jpg\",\"contentUrl\":\"https:\/\/3sense.tech\/wp-content\/uploads\/2023\/07\/X-Pro-Interface.jpg\",\"width\":1350,\"height\":1350},{\"@type\":\"BreadcrumbList\",\"@id\":\"https:\/\/3sense.tech\/es\/product\/interface-x-pro\/#breadcrumb\",\"itemListElement\":[{\"@type\":\"ListItem\",\"position\":1,\"name\":\"Home\",\"item\":\"https:\/\/3sense.tech\/es\/inicio\/\"},{\"@type\":\"ListItem\",\"position\":2,\"name\":\"Tienda\",\"item\":\"https:\/\/3sense.tech\/es\/tienda\/\"},{\"@type\":\"ListItem\",\"position\":3,\"name\":\"Interface X-Pro\"}]},{\"@type\":\"WebSite\",\"@id\":\"https:\/\/3sense.tech\/es\/#website\",\"url\":\"https:\/\/3sense.tech\/es\/\",\"name\":\"3Sense Holding\",\"description\":\"\",\"publisher\":{\"@id\":\"https:\/\/3sense.tech\/es\/#organization\"},\"potentialAction\":[{\"@type\":\"SearchAction\",\"target\":{\"@type\":\"EntryPoint\",\"urlTemplate\":\"https:\/\/3sense.tech\/es\/?s={search_term_string}\"},\"query-input\":{\"@type\":\"PropertyValueSpecification\",\"valueRequired\":true,\"valueName\":\"search_term_string\"}}],\"inLanguage\":\"es\"},{\"@type\":\"Organization\",\"@id\":\"https:\/\/3sense.tech\/es\/#organization\",\"name\":\"3Sense Holding\",\"url\":\"https:\/\/3sense.tech\/es\/\",\"logo\":{\"@type\":\"ImageObject\",\"inLanguage\":\"es\",\"@id\":\"https:\/\/3sense.tech\/es\/#\/schema\/logo\/image\/\",\"url\":\"https:\/\/3sense.tech\/wp-content\/uploads\/2023\/07\/logo-holding-2.png\",\"contentUrl\":\"https:\/\/3sense.tech\/wp-content\/uploads\/2023\/07\/logo-holding-2.png\",\"width\":2198,\"height\":1538,\"caption\":\"3Sense Holding\"},\"image\":{\"@id\":\"https:\/\/3sense.tech\/es\/#\/schema\/logo\/image\/\"}}]}<\/script>\n<!-- \/ Yoast SEO plugin. -->","yoast_head_json":{"title":"Interface X-Pro - 3Sense","robots":{"index":"index","follow":"follow","max-snippet":"max-snippet:-1","max-image-preview":"max-image-preview:large","max-video-preview":"max-video-preview:-1"},"canonical":"https:\/\/3sense.tech\/es\/product\/interface-x-pro\/","og_locale":"es_ES","og_type":"article","og_title":"Interface X-Pro - 3Sense","og_description":"Interface con capacidad de recibir hasta 3 sensores simult\u00e1neamente Usos diversos en el area medica y cientifica, alimentos, transporte y agricultura. Para uso en interiores o exteriores y en equipos fijos o m\u00f3viles Bater\u00eda de Ion Li con autonom\u00eda entre 5 y 30 d\u00edas Memoria interna de almacenamiento de datos de 7 d\u00edas Sistema de sincronizaci\u00f3n de datos en p\u00e9rdidas de transmisi\u00f3n Conectividad Wifi, 2G\/3G o Sigfox Incluye un a\u00f1o de plataforma Web IP-67 Monitoreo del suministro de energ\u00eda","og_url":"https:\/\/3sense.tech\/es\/product\/interface-x-pro\/","og_site_name":"3Sense","og_image":[{"width":1350,"height":1350,"url":"https:\/\/3sense.tech\/wp-content\/uploads\/2023\/07\/X-Pro-Interface.jpg","type":"image\/jpeg"}],"twitter_card":"summary_large_image","schema":{"@context":"https:\/\/schema.org","@graph":[{"@type":"WebPage","@id":"https:\/\/3sense.tech\/es\/product\/interface-x-pro\/","url":"https:\/\/3sense.tech\/es\/product\/interface-x-pro\/","name":"Interface X-Pro - 3Sense","isPartOf":{"@id":"https:\/\/3sense.tech\/es\/#website"},"primaryImageOfPage":{"@id":"https:\/\/3sense.tech\/es\/product\/interface-x-pro\/#primaryimage"},"image":{"@id":"https:\/\/3sense.tech\/es\/product\/interface-x-pro\/#primaryimage"},"thumbnailUrl":"https:\/\/3sense.tech\/wp-content\/uploads\/2023\/07\/X-Pro-Interface.jpg","datePublished":"2023-07-06T00:23:13+00:00","breadcrumb":{"@id":"https:\/\/3sense.tech\/es\/product\/interface-x-pro\/#breadcrumb"},"inLanguage":"es","potentialAction":[{"@type":"ReadAction","target":["https:\/\/3sense.tech\/es\/product\/interface-x-pro\/"]}]},{"@type":"ImageObject","inLanguage":"es","@id":"https:\/\/3sense.tech\/es\/product\/interface-x-pro\/#primaryimage","url":"https:\/\/3sense.tech\/wp-content\/uploads\/2023\/07\/X-Pro-Interface.jpg","contentUrl":"https:\/\/3sense.tech\/wp-content\/uploads\/2023\/07\/X-Pro-Interface.jpg","width":1350,"height":1350},{"@type":"BreadcrumbList","@id":"https:\/\/3sense.tech\/es\/product\/interface-x-pro\/#breadcrumb","itemListElement":[{"@type":"ListItem","position":1,"name":"Home","item":"https:\/\/3sense.tech\/es\/inicio\/"},{"@type":"ListItem","position":2,"name":"Tienda","item":"https:\/\/3sense.tech\/es\/tienda\/"},{"@type":"ListItem","position":3,"name":"Interface X-Pro"}]},{"@type":"WebSite","@id":"https:\/\/3sense.tech\/es\/#website","url":"https:\/\/3sense.tech\/es\/","name":"3Sense Holding","description":"","publisher":{"@id":"https:\/\/3sense.tech\/es\/#organization"},"potentialAction":[{"@type":"SearchAction","target":{"@type":"EntryPoint","urlTemplate":"https:\/\/3sense.tech\/es\/?s={search_term_string}"},"query-input":{"@type":"PropertyValueSpecification","valueRequired":true,"valueName":"search_term_string"}}],"inLanguage":"es"},{"@type":"Organization","@id":"https:\/\/3sense.tech\/es\/#organization","name":"3Sense Holding","url":"https:\/\/3sense.tech\/es\/","logo":{"@type":"ImageObject","inLanguage":"es","@id":"https:\/\/3sense.tech\/es\/#\/schema\/logo\/image\/","url":"https:\/\/3sense.tech\/wp-content\/uploads\/2023\/07\/logo-holding-2.png","contentUrl":"https:\/\/3sense.tech\/wp-content\/uploads\/2023\/07\/logo-holding-2.png","width":2198,"height":1538,"caption":"3Sense Holding"},"image":{"@id":"https:\/\/3sense.tech\/es\/#\/schema\/logo\/image\/"}}]}},"tiered_pricing_type":"fixed","tiered_pricing_fixed_rules":[],"tiered_pricing_product_settings":{"layout":"default","base_unit_name":{"singular":null,"plural":null},"default_variation":null},"tiered_pricing_minimum_quantity":null,"tiered_pricing_roles_data":[],"tiered_pricing_percentage_rules":[],"_links":{"self":[{"href":"https:\/\/3sense.tech\/es\/wp-json\/wp\/v2\/product\/1037","targetHints":{"allow":["GET"]}}],"collection":[{"href":"https:\/\/3sense.tech\/es\/wp-json\/wp\/v2\/product"}],"about":[{"href":"https:\/\/3sense.tech\/es\/wp-json\/wp\/v2\/types\/product"}],"wp:featuredmedia":[{"embeddable":true,"href":"https:\/\/3sense.tech\/es\/wp-json\/wp\/v2\/media\/452"}],"wp:attachment":[{"href":"https:\/\/3sense.tech\/es\/wp-json\/wp\/v2\/media?parent=1037"}],"wp:term":[{"taxonomy":"product_brand","embeddable":true,"href":"https:\/\/3sense.tech\/es\/wp-json\/wp\/v2\/product_brand?post=1037"},{"taxonomy":"product_cat","embeddable":true,"href":"https:\/\/3sense.tech\/es\/wp-json\/wp\/v2\/product_cat?post=1037"},{"taxonomy":"product_tag","embeddable":true,"href":"https:\/\/3sense.tech\/es\/wp-json\/wp\/v2\/product_tag?post=1037"}],"curies":[{"name":"wp","href":"https:\/\/api.w.org\/{rel}","templated":true}]}}