{"id":1082,"date":"2023-07-06T22:09:17","date_gmt":"2023-07-06T22:09:17","guid":{"rendered":"https:\/\/3sense.tech\/product\/sensor-ambiental-x-pro-de-temperatura-humedad-relativa-y-presion-para-exteriores\/"},"modified":"2023-07-06T22:09:17","modified_gmt":"2023-07-06T22:09:17","slug":"sensor-ambiental-x-pro-de-temperatura-humedad-relativa-y-presion-para-exteriores","status":"publish","type":"product","link":"https:\/\/3sense.tech\/es\/product\/sensor-ambiental-x-pro-de-temperatura-humedad-relativa-y-presion-para-exteriores\/","title":{"rendered":"Sensor Ambiental X-Pro de temperatura, humedad relativa y presi\u00f3n para exteriores"},"content":{"rendered":"<p><strong><span>Rango de medida: <\/span><\/strong><\/p>\n<p><span>Temperatura de -40\u00baC a 85\u00baC<\/span><\/p>\n<p><span>Humedad de 0% a 100%<\/span><\/p>\n<p><span>Presi\u00f3n atmosf\u00e9rica de 300 hPa a 1100 hPa<\/span><\/p>\n<p><strong><span>Resoluci\u00f3n:<\/span><\/strong><\/p>\n<p><span>0.1\u00baC en todo el rango<\/span><\/p>\n<p><span>0.1% en todo el rango<\/span><\/p>\n<p><span>0.18\u00baC en todo el rango<\/span><\/p>\n<p><b><span>Error m\u00e1ximo:<\/span><\/b><\/p>\n<p><span>+\/- 1,5\u00baC (-40\u00baC y -20\u00baC) y +\/- 1,25\u00baC (-20\u00baC y 85\u00baC)<\/span><\/p>\n<p><span>+\/- 3% en todo el rango<\/span><\/p>\n<p><span>+\/- 1\u00bahPa en todo el rango<\/span><\/p>\n","protected":false},"excerpt":{"rendered":"<p><span>Sensor ambiental de humedad relativa, temperatura y presi\u00f3n atmosf\u00e9rica<\/span><\/p>\n<p><span>Uso en exteriores<\/span><\/p>\n<p><span>Rango de temperatura -40\u00baC hasta 85\u00baC<\/span><\/p>\n<p><span>Rango de humedad relativa 0% hasta 100%<\/span><\/p>\n<p><span>Rango de presi\u00f3n atmosf\u00e9rica 300 hPa hasta 1100hPa<\/span><\/p>\n<p><span>Conexi\u00f3n para X-Pro<\/span><\/p>\n","protected":false},"featured_media":1078,"template":"","meta":{"_joinchat":[]},"product_brand":[],"product_cat":[131,138,137,144],"product_tag":[],"class_list":{"0":"post-1082","1":"product","2":"type-product","3":"status-publish","4":"has-post-thumbnail","6":"product_cat-agricultura","7":"product_cat-alimentos","8":"product_cat-sensores-para-interface-x-pro-agricultura","9":"product_cat-sensores-para-interface-x-pro-alimentos","11":"first","12":"instock","13":"taxable","14":"shipping-taxable","15":"purchasable","16":"product-type-simple"},"yoast_head":"<!-- This site is optimized with the Yoast SEO plugin v24.8 - https:\/\/yoast.com\/wordpress\/plugins\/seo\/ -->\n<title>Sensor Ambiental X-Pro de temperatura, humedad relativa y presi\u00f3n para exteriores - 3Sense<\/title>\n<meta name=\"robots\" content=\"index, follow, max-snippet:-1, max-image-preview:large, max-video-preview:-1\" \/>\n<link rel=\"canonical\" href=\"https:\/\/3sense.tech\/es\/product\/sensor-ambiental-x-pro-de-temperatura-humedad-relativa-y-presion-para-exteriores\/\" \/>\n<meta property=\"og:locale\" content=\"es_ES\" \/>\n<meta property=\"og:type\" content=\"article\" \/>\n<meta property=\"og:title\" content=\"Sensor Ambiental X-Pro de temperatura, humedad relativa y presi\u00f3n para exteriores - 3Sense\" \/>\n<meta property=\"og:description\" content=\"Sensor ambiental de humedad relativa, temperatura y presi\u00f3n atmosf\u00e9rica Uso en exteriores Rango de temperatura -40\u00baC hasta 85\u00baC Rango de humedad relativa 0% hasta 100% Rango de presi\u00f3n atmosf\u00e9rica 300 hPa hasta 1100hPa Conexi\u00f3n para X-Pro\" \/>\n<meta property=\"og:url\" content=\"https:\/\/3sense.tech\/es\/product\/sensor-ambiental-x-pro-de-temperatura-humedad-relativa-y-presion-para-exteriores\/\" \/>\n<meta property=\"og:site_name\" content=\"3Sense\" \/>\n<meta property=\"og:image\" content=\"https:\/\/3sense.tech\/wp-content\/uploads\/2023\/07\/X-Pro-Environmental-Sensor-for-temperature-relative-humidity-and-pressure-for-outdoors-2.jpg\" \/>\n\t<meta property=\"og:image:width\" content=\"900\" \/>\n\t<meta property=\"og:image:height\" content=\"900\" \/>\n\t<meta property=\"og:image:type\" content=\"image\/jpeg\" \/>\n<meta name=\"twitter:card\" content=\"summary_large_image\" \/>\n<script type=\"application\/ld+json\" class=\"yoast-schema-graph\">{\"@context\":\"https:\/\/schema.org\",\"@graph\":[{\"@type\":\"WebPage\",\"@id\":\"https:\/\/3sense.tech\/es\/product\/sensor-ambiental-x-pro-de-temperatura-humedad-relativa-y-presion-para-exteriores\/\",\"url\":\"https:\/\/3sense.tech\/es\/product\/sensor-ambiental-x-pro-de-temperatura-humedad-relativa-y-presion-para-exteriores\/\",\"name\":\"Sensor Ambiental X-Pro de temperatura, humedad relativa y presi\u00f3n para exteriores - 3Sense\",\"isPartOf\":{\"@id\":\"https:\/\/3sense.tech\/es\/#website\"},\"primaryImageOfPage\":{\"@id\":\"https:\/\/3sense.tech\/es\/product\/sensor-ambiental-x-pro-de-temperatura-humedad-relativa-y-presion-para-exteriores\/#primaryimage\"},\"image\":{\"@id\":\"https:\/\/3sense.tech\/es\/product\/sensor-ambiental-x-pro-de-temperatura-humedad-relativa-y-presion-para-exteriores\/#primaryimage\"},\"thumbnailUrl\":\"https:\/\/3sense.tech\/wp-content\/uploads\/2023\/07\/X-Pro-Environmental-Sensor-for-temperature-relative-humidity-and-pressure-for-outdoors-2.jpg\",\"datePublished\":\"2023-07-06T22:09:17+00:00\",\"breadcrumb\":{\"@id\":\"https:\/\/3sense.tech\/es\/product\/sensor-ambiental-x-pro-de-temperatura-humedad-relativa-y-presion-para-exteriores\/#breadcrumb\"},\"inLanguage\":\"es\",\"potentialAction\":[{\"@type\":\"ReadAction\",\"target\":[\"https:\/\/3sense.tech\/es\/product\/sensor-ambiental-x-pro-de-temperatura-humedad-relativa-y-presion-para-exteriores\/\"]}]},{\"@type\":\"ImageObject\",\"inLanguage\":\"es\",\"@id\":\"https:\/\/3sense.tech\/es\/product\/sensor-ambiental-x-pro-de-temperatura-humedad-relativa-y-presion-para-exteriores\/#primaryimage\",\"url\":\"https:\/\/3sense.tech\/wp-content\/uploads\/2023\/07\/X-Pro-Environmental-Sensor-for-temperature-relative-humidity-and-pressure-for-outdoors-2.jpg\",\"contentUrl\":\"https:\/\/3sense.tech\/wp-content\/uploads\/2023\/07\/X-Pro-Environmental-Sensor-for-temperature-relative-humidity-and-pressure-for-outdoors-2.jpg\",\"width\":900,\"height\":900,\"caption\":\"Sensor Ambiental X-Pro de temperatura, humedad relativa y presi\u00f3n para exteriores\"},{\"@type\":\"BreadcrumbList\",\"@id\":\"https:\/\/3sense.tech\/es\/product\/sensor-ambiental-x-pro-de-temperatura-humedad-relativa-y-presion-para-exteriores\/#breadcrumb\",\"itemListElement\":[{\"@type\":\"ListItem\",\"position\":1,\"name\":\"Home\",\"item\":\"https:\/\/3sense.tech\/es\/inicio\/\"},{\"@type\":\"ListItem\",\"position\":2,\"name\":\"Tienda\",\"item\":\"https:\/\/3sense.tech\/es\/tienda\/\"},{\"@type\":\"ListItem\",\"position\":3,\"name\":\"Sensor Ambiental X-Pro de temperatura, humedad relativa y presi\u00f3n para exteriores\"}]},{\"@type\":\"WebSite\",\"@id\":\"https:\/\/3sense.tech\/es\/#website\",\"url\":\"https:\/\/3sense.tech\/es\/\",\"name\":\"3Sense Holding\",\"description\":\"\",\"publisher\":{\"@id\":\"https:\/\/3sense.tech\/es\/#organization\"},\"potentialAction\":[{\"@type\":\"SearchAction\",\"target\":{\"@type\":\"EntryPoint\",\"urlTemplate\":\"https:\/\/3sense.tech\/es\/?s={search_term_string}\"},\"query-input\":{\"@type\":\"PropertyValueSpecification\",\"valueRequired\":true,\"valueName\":\"search_term_string\"}}],\"inLanguage\":\"es\"},{\"@type\":\"Organization\",\"@id\":\"https:\/\/3sense.tech\/es\/#organization\",\"name\":\"3Sense Holding\",\"url\":\"https:\/\/3sense.tech\/es\/\",\"logo\":{\"@type\":\"ImageObject\",\"inLanguage\":\"es\",\"@id\":\"https:\/\/3sense.tech\/es\/#\/schema\/logo\/image\/\",\"url\":\"https:\/\/3sense.tech\/wp-content\/uploads\/2023\/07\/logo-holding-2.png\",\"contentUrl\":\"https:\/\/3sense.tech\/wp-content\/uploads\/2023\/07\/logo-holding-2.png\",\"width\":2198,\"height\":1538,\"caption\":\"3Sense Holding\"},\"image\":{\"@id\":\"https:\/\/3sense.tech\/es\/#\/schema\/logo\/image\/\"}}]}<\/script>\n<!-- \/ Yoast SEO plugin. -->","yoast_head_json":{"title":"Sensor Ambiental X-Pro de temperatura, humedad relativa y presi\u00f3n para exteriores - 3Sense","robots":{"index":"index","follow":"follow","max-snippet":"max-snippet:-1","max-image-preview":"max-image-preview:large","max-video-preview":"max-video-preview:-1"},"canonical":"https:\/\/3sense.tech\/es\/product\/sensor-ambiental-x-pro-de-temperatura-humedad-relativa-y-presion-para-exteriores\/","og_locale":"es_ES","og_type":"article","og_title":"Sensor Ambiental X-Pro de temperatura, humedad relativa y presi\u00f3n para exteriores - 3Sense","og_description":"Sensor ambiental de humedad relativa, temperatura y presi\u00f3n atmosf\u00e9rica Uso en exteriores Rango de temperatura -40\u00baC hasta 85\u00baC Rango de humedad relativa 0% hasta 100% Rango de presi\u00f3n atmosf\u00e9rica 300 hPa hasta 1100hPa Conexi\u00f3n para X-Pro","og_url":"https:\/\/3sense.tech\/es\/product\/sensor-ambiental-x-pro-de-temperatura-humedad-relativa-y-presion-para-exteriores\/","og_site_name":"3Sense","og_image":[{"width":900,"height":900,"url":"https:\/\/3sense.tech\/wp-content\/uploads\/2023\/07\/X-Pro-Environmental-Sensor-for-temperature-relative-humidity-and-pressure-for-outdoors-2.jpg","type":"image\/jpeg"}],"twitter_card":"summary_large_image","schema":{"@context":"https:\/\/schema.org","@graph":[{"@type":"WebPage","@id":"https:\/\/3sense.tech\/es\/product\/sensor-ambiental-x-pro-de-temperatura-humedad-relativa-y-presion-para-exteriores\/","url":"https:\/\/3sense.tech\/es\/product\/sensor-ambiental-x-pro-de-temperatura-humedad-relativa-y-presion-para-exteriores\/","name":"Sensor Ambiental X-Pro de temperatura, humedad relativa y presi\u00f3n para exteriores - 3Sense","isPartOf":{"@id":"https:\/\/3sense.tech\/es\/#website"},"primaryImageOfPage":{"@id":"https:\/\/3sense.tech\/es\/product\/sensor-ambiental-x-pro-de-temperatura-humedad-relativa-y-presion-para-exteriores\/#primaryimage"},"image":{"@id":"https:\/\/3sense.tech\/es\/product\/sensor-ambiental-x-pro-de-temperatura-humedad-relativa-y-presion-para-exteriores\/#primaryimage"},"thumbnailUrl":"https:\/\/3sense.tech\/wp-content\/uploads\/2023\/07\/X-Pro-Environmental-Sensor-for-temperature-relative-humidity-and-pressure-for-outdoors-2.jpg","datePublished":"2023-07-06T22:09:17+00:00","breadcrumb":{"@id":"https:\/\/3sense.tech\/es\/product\/sensor-ambiental-x-pro-de-temperatura-humedad-relativa-y-presion-para-exteriores\/#breadcrumb"},"inLanguage":"es","potentialAction":[{"@type":"ReadAction","target":["https:\/\/3sense.tech\/es\/product\/sensor-ambiental-x-pro-de-temperatura-humedad-relativa-y-presion-para-exteriores\/"]}]},{"@type":"ImageObject","inLanguage":"es","@id":"https:\/\/3sense.tech\/es\/product\/sensor-ambiental-x-pro-de-temperatura-humedad-relativa-y-presion-para-exteriores\/#primaryimage","url":"https:\/\/3sense.tech\/wp-content\/uploads\/2023\/07\/X-Pro-Environmental-Sensor-for-temperature-relative-humidity-and-pressure-for-outdoors-2.jpg","contentUrl":"https:\/\/3sense.tech\/wp-content\/uploads\/2023\/07\/X-Pro-Environmental-Sensor-for-temperature-relative-humidity-and-pressure-for-outdoors-2.jpg","width":900,"height":900,"caption":"Sensor Ambiental X-Pro de temperatura, humedad relativa y presi\u00f3n para exteriores"},{"@type":"BreadcrumbList","@id":"https:\/\/3sense.tech\/es\/product\/sensor-ambiental-x-pro-de-temperatura-humedad-relativa-y-presion-para-exteriores\/#breadcrumb","itemListElement":[{"@type":"ListItem","position":1,"name":"Home","item":"https:\/\/3sense.tech\/es\/inicio\/"},{"@type":"ListItem","position":2,"name":"Tienda","item":"https:\/\/3sense.tech\/es\/tienda\/"},{"@type":"ListItem","position":3,"name":"Sensor Ambiental X-Pro de temperatura, humedad relativa y presi\u00f3n para exteriores"}]},{"@type":"WebSite","@id":"https:\/\/3sense.tech\/es\/#website","url":"https:\/\/3sense.tech\/es\/","name":"3Sense Holding","description":"","publisher":{"@id":"https:\/\/3sense.tech\/es\/#organization"},"potentialAction":[{"@type":"SearchAction","target":{"@type":"EntryPoint","urlTemplate":"https:\/\/3sense.tech\/es\/?s={search_term_string}"},"query-input":{"@type":"PropertyValueSpecification","valueRequired":true,"valueName":"search_term_string"}}],"inLanguage":"es"},{"@type":"Organization","@id":"https:\/\/3sense.tech\/es\/#organization","name":"3Sense Holding","url":"https:\/\/3sense.tech\/es\/","logo":{"@type":"ImageObject","inLanguage":"es","@id":"https:\/\/3sense.tech\/es\/#\/schema\/logo\/image\/","url":"https:\/\/3sense.tech\/wp-content\/uploads\/2023\/07\/logo-holding-2.png","contentUrl":"https:\/\/3sense.tech\/wp-content\/uploads\/2023\/07\/logo-holding-2.png","width":2198,"height":1538,"caption":"3Sense Holding"},"image":{"@id":"https:\/\/3sense.tech\/es\/#\/schema\/logo\/image\/"}}]}},"tiered_pricing_type":"fixed","tiered_pricing_fixed_rules":[],"tiered_pricing_product_settings":{"layout":"default","base_unit_name":{"singular":null,"plural":null},"default_variation":null},"tiered_pricing_minimum_quantity":null,"tiered_pricing_roles_data":[],"tiered_pricing_percentage_rules":[],"_links":{"self":[{"href":"https:\/\/3sense.tech\/es\/wp-json\/wp\/v2\/product\/1082","targetHints":{"allow":["GET"]}}],"collection":[{"href":"https:\/\/3sense.tech\/es\/wp-json\/wp\/v2\/product"}],"about":[{"href":"https:\/\/3sense.tech\/es\/wp-json\/wp\/v2\/types\/product"}],"wp:featuredmedia":[{"embeddable":true,"href":"https:\/\/3sense.tech\/es\/wp-json\/wp\/v2\/media\/1078"}],"wp:attachment":[{"href":"https:\/\/3sense.tech\/es\/wp-json\/wp\/v2\/media?parent=1082"}],"wp:term":[{"taxonomy":"product_brand","embeddable":true,"href":"https:\/\/3sense.tech\/es\/wp-json\/wp\/v2\/product_brand?post=1082"},{"taxonomy":"product_cat","embeddable":true,"href":"https:\/\/3sense.tech\/es\/wp-json\/wp\/v2\/product_cat?post=1082"},{"taxonomy":"product_tag","embeddable":true,"href":"https:\/\/3sense.tech\/es\/wp-json\/wp\/v2\/product_tag?post=1082"}],"curies":[{"name":"wp","href":"https:\/\/api.w.org\/{rel}","templated":true}]}}