{"id":1110,"date":"2023-07-06T20:50:38","date_gmt":"2023-07-06T20:50:38","guid":{"rendered":"https:\/\/3sense.tech\/product\/interface-pro-e-4-0\/"},"modified":"2023-07-06T20:50:38","modified_gmt":"2023-07-06T20:50:38","slug":"interface-pro-e-4-0-1","status":"publish","type":"product","link":"https:\/\/3sense.tech\/es\/product\/interface-pro-e-4-0-1\/","title":{"rendered":"Interface Pro-E 4.0"},"content":{"rendered":"","protected":false},"excerpt":{"rendered":"<p>Interface muy utilizada en el \u00e1rea m\u00e9dica y cient\u00edfica y de alimentos<\/p>\n<p>Capacidad de usar hasta 2 sensores simult\u00e1neamente<\/p>\n<p>Cuenta con pantalla t\u00e1ctil a color de 2,5 pulgadas<\/p>\n<p>Bater\u00eda de Ion Li con autonom\u00eda entre 12 y 24 horas<\/p>\n<p>Memoria interna de almacenamiento de datos de 24 horas<\/p>\n<p>Sistema de sincronizaci\u00f3n de datos en p\u00e9rdidas de transmisi\u00f3n<\/p>\n<p>Graficaci\u00f3n de datos en pantalla<\/p>\n<p>Conectividad Wifi<\/p>\n<p>Incluye un a\u00f1o de plataforma Web<\/p>\n<p>Almacenamiento del m\u00e1ximo y m\u00ednimo diario de las variables<\/p>\n<p>IP-40<\/p>\n<p>Monitoreo del suministro de energ\u00eda<\/p>\n","protected":false},"featured_media":860,"template":"","meta":{"_joinchat":[]},"product_brand":[],"product_cat":[131,138,151,152,145,132,139,147],"product_tag":[],"class_list":{"0":"post-1110","1":"product","2":"type-product","3":"status-publish","4":"has-post-thumbnail","6":"product_cat-agricultura","7":"product_cat-alimentos","8":"product_cat-area-medica-y-cientifica","9":"product_cat-interface-area-medica-y-cientifica","10":"product_cat-interfaces-es","11":"product_cat-interfaces-agricultura","12":"product_cat-interfaces-alimentos","13":"product_cat-pro-e4-0","15":"first","16":"instock","17":"taxable","18":"shipping-taxable","19":"purchasable","20":"product-type-simple"},"yoast_head":"<!-- This site is optimized with the Yoast SEO plugin v24.8 - https:\/\/yoast.com\/wordpress\/plugins\/seo\/ -->\n<title>Interface Pro-E 4.0 - 3Sense<\/title>\n<meta name=\"robots\" content=\"index, follow, max-snippet:-1, max-image-preview:large, max-video-preview:-1\" \/>\n<link rel=\"canonical\" href=\"https:\/\/3sense.tech\/es\/product\/interface-pro-e-4-0-1\/\" \/>\n<meta property=\"og:locale\" content=\"es_ES\" \/>\n<meta property=\"og:type\" content=\"article\" \/>\n<meta property=\"og:title\" content=\"Interface Pro-E 4.0 - 3Sense\" \/>\n<meta property=\"og:description\" content=\"Interface muy utilizada en el \u00e1rea m\u00e9dica y cient\u00edfica y de alimentos Capacidad de usar hasta 2 sensores simult\u00e1neamente Cuenta con pantalla t\u00e1ctil a color de 2,5 pulgadas Bater\u00eda de Ion Li con autonom\u00eda entre 12 y 24 horas Memoria interna de almacenamiento de datos de 24 horas Sistema de sincronizaci\u00f3n de datos en p\u00e9rdidas de transmisi\u00f3n Graficaci\u00f3n de datos en pantalla Conectividad Wifi Incluye un a\u00f1o de plataforma Web Almacenamiento del m\u00e1ximo y m\u00ednimo diario de las variables IP-40 Monitoreo del suministro de energ\u00eda\" \/>\n<meta property=\"og:url\" content=\"https:\/\/3sense.tech\/es\/product\/interface-pro-e-4-0-1\/\" \/>\n<meta property=\"og:site_name\" content=\"3Sense\" \/>\n<meta property=\"og:image\" content=\"https:\/\/3sense.tech\/wp-content\/uploads\/2023\/07\/Interfaz-Pro-E-4.jpg\" \/>\n\t<meta property=\"og:image:width\" content=\"1350\" \/>\n\t<meta property=\"og:image:height\" content=\"1350\" \/>\n\t<meta property=\"og:image:type\" content=\"image\/jpeg\" \/>\n<meta name=\"twitter:card\" content=\"summary_large_image\" \/>\n<script type=\"application\/ld+json\" class=\"yoast-schema-graph\">{\"@context\":\"https:\/\/schema.org\",\"@graph\":[{\"@type\":\"WebPage\",\"@id\":\"https:\/\/3sense.tech\/es\/product\/interface-pro-e-4-0-1\/\",\"url\":\"https:\/\/3sense.tech\/es\/product\/interface-pro-e-4-0-1\/\",\"name\":\"Interface Pro-E 4.0 - 3Sense\",\"isPartOf\":{\"@id\":\"https:\/\/3sense.tech\/es\/#website\"},\"primaryImageOfPage\":{\"@id\":\"https:\/\/3sense.tech\/es\/product\/interface-pro-e-4-0-1\/#primaryimage\"},\"image\":{\"@id\":\"https:\/\/3sense.tech\/es\/product\/interface-pro-e-4-0-1\/#primaryimage\"},\"thumbnailUrl\":\"https:\/\/3sense.tech\/wp-content\/uploads\/2023\/07\/Interfaz-Pro-E-4.jpg\",\"datePublished\":\"2023-07-06T20:50:38+00:00\",\"breadcrumb\":{\"@id\":\"https:\/\/3sense.tech\/es\/product\/interface-pro-e-4-0-1\/#breadcrumb\"},\"inLanguage\":\"es\",\"potentialAction\":[{\"@type\":\"ReadAction\",\"target\":[\"https:\/\/3sense.tech\/es\/product\/interface-pro-e-4-0-1\/\"]}]},{\"@type\":\"ImageObject\",\"inLanguage\":\"es\",\"@id\":\"https:\/\/3sense.tech\/es\/product\/interface-pro-e-4-0-1\/#primaryimage\",\"url\":\"https:\/\/3sense.tech\/wp-content\/uploads\/2023\/07\/Interfaz-Pro-E-4.jpg\",\"contentUrl\":\"https:\/\/3sense.tech\/wp-content\/uploads\/2023\/07\/Interfaz-Pro-E-4.jpg\",\"width\":1350,\"height\":1350,\"caption\":\"Interfaz Pro-E 4.0\"},{\"@type\":\"BreadcrumbList\",\"@id\":\"https:\/\/3sense.tech\/es\/product\/interface-pro-e-4-0-1\/#breadcrumb\",\"itemListElement\":[{\"@type\":\"ListItem\",\"position\":1,\"name\":\"Home\",\"item\":\"https:\/\/3sense.tech\/es\/inicio\/\"},{\"@type\":\"ListItem\",\"position\":2,\"name\":\"Tienda\",\"item\":\"https:\/\/3sense.tech\/es\/tienda\/\"},{\"@type\":\"ListItem\",\"position\":3,\"name\":\"Interface Pro-E 4.0\"}]},{\"@type\":\"WebSite\",\"@id\":\"https:\/\/3sense.tech\/es\/#website\",\"url\":\"https:\/\/3sense.tech\/es\/\",\"name\":\"3Sense Holding\",\"description\":\"\",\"publisher\":{\"@id\":\"https:\/\/3sense.tech\/es\/#organization\"},\"potentialAction\":[{\"@type\":\"SearchAction\",\"target\":{\"@type\":\"EntryPoint\",\"urlTemplate\":\"https:\/\/3sense.tech\/es\/?s={search_term_string}\"},\"query-input\":{\"@type\":\"PropertyValueSpecification\",\"valueRequired\":true,\"valueName\":\"search_term_string\"}}],\"inLanguage\":\"es\"},{\"@type\":\"Organization\",\"@id\":\"https:\/\/3sense.tech\/es\/#organization\",\"name\":\"3Sense Holding\",\"url\":\"https:\/\/3sense.tech\/es\/\",\"logo\":{\"@type\":\"ImageObject\",\"inLanguage\":\"es\",\"@id\":\"https:\/\/3sense.tech\/es\/#\/schema\/logo\/image\/\",\"url\":\"https:\/\/3sense.tech\/wp-content\/uploads\/2023\/07\/logo-holding-2.png\",\"contentUrl\":\"https:\/\/3sense.tech\/wp-content\/uploads\/2023\/07\/logo-holding-2.png\",\"width\":2198,\"height\":1538,\"caption\":\"3Sense Holding\"},\"image\":{\"@id\":\"https:\/\/3sense.tech\/es\/#\/schema\/logo\/image\/\"}}]}<\/script>\n<!-- \/ Yoast SEO plugin. -->","yoast_head_json":{"title":"Interface Pro-E 4.0 - 3Sense","robots":{"index":"index","follow":"follow","max-snippet":"max-snippet:-1","max-image-preview":"max-image-preview:large","max-video-preview":"max-video-preview:-1"},"canonical":"https:\/\/3sense.tech\/es\/product\/interface-pro-e-4-0-1\/","og_locale":"es_ES","og_type":"article","og_title":"Interface Pro-E 4.0 - 3Sense","og_description":"Interface muy utilizada en el \u00e1rea m\u00e9dica y cient\u00edfica y de alimentos Capacidad de usar hasta 2 sensores simult\u00e1neamente Cuenta con pantalla t\u00e1ctil a color de 2,5 pulgadas Bater\u00eda de Ion Li con autonom\u00eda entre 12 y 24 horas Memoria interna de almacenamiento de datos de 24 horas Sistema de sincronizaci\u00f3n de datos en p\u00e9rdidas de transmisi\u00f3n Graficaci\u00f3n de datos en pantalla Conectividad Wifi Incluye un a\u00f1o de plataforma Web Almacenamiento del m\u00e1ximo y m\u00ednimo diario de las variables IP-40 Monitoreo del suministro de energ\u00eda","og_url":"https:\/\/3sense.tech\/es\/product\/interface-pro-e-4-0-1\/","og_site_name":"3Sense","og_image":[{"width":1350,"height":1350,"url":"https:\/\/3sense.tech\/wp-content\/uploads\/2023\/07\/Interfaz-Pro-E-4.jpg","type":"image\/jpeg"}],"twitter_card":"summary_large_image","schema":{"@context":"https:\/\/schema.org","@graph":[{"@type":"WebPage","@id":"https:\/\/3sense.tech\/es\/product\/interface-pro-e-4-0-1\/","url":"https:\/\/3sense.tech\/es\/product\/interface-pro-e-4-0-1\/","name":"Interface Pro-E 4.0 - 3Sense","isPartOf":{"@id":"https:\/\/3sense.tech\/es\/#website"},"primaryImageOfPage":{"@id":"https:\/\/3sense.tech\/es\/product\/interface-pro-e-4-0-1\/#primaryimage"},"image":{"@id":"https:\/\/3sense.tech\/es\/product\/interface-pro-e-4-0-1\/#primaryimage"},"thumbnailUrl":"https:\/\/3sense.tech\/wp-content\/uploads\/2023\/07\/Interfaz-Pro-E-4.jpg","datePublished":"2023-07-06T20:50:38+00:00","breadcrumb":{"@id":"https:\/\/3sense.tech\/es\/product\/interface-pro-e-4-0-1\/#breadcrumb"},"inLanguage":"es","potentialAction":[{"@type":"ReadAction","target":["https:\/\/3sense.tech\/es\/product\/interface-pro-e-4-0-1\/"]}]},{"@type":"ImageObject","inLanguage":"es","@id":"https:\/\/3sense.tech\/es\/product\/interface-pro-e-4-0-1\/#primaryimage","url":"https:\/\/3sense.tech\/wp-content\/uploads\/2023\/07\/Interfaz-Pro-E-4.jpg","contentUrl":"https:\/\/3sense.tech\/wp-content\/uploads\/2023\/07\/Interfaz-Pro-E-4.jpg","width":1350,"height":1350,"caption":"Interfaz Pro-E 4.0"},{"@type":"BreadcrumbList","@id":"https:\/\/3sense.tech\/es\/product\/interface-pro-e-4-0-1\/#breadcrumb","itemListElement":[{"@type":"ListItem","position":1,"name":"Home","item":"https:\/\/3sense.tech\/es\/inicio\/"},{"@type":"ListItem","position":2,"name":"Tienda","item":"https:\/\/3sense.tech\/es\/tienda\/"},{"@type":"ListItem","position":3,"name":"Interface Pro-E 4.0"}]},{"@type":"WebSite","@id":"https:\/\/3sense.tech\/es\/#website","url":"https:\/\/3sense.tech\/es\/","name":"3Sense Holding","description":"","publisher":{"@id":"https:\/\/3sense.tech\/es\/#organization"},"potentialAction":[{"@type":"SearchAction","target":{"@type":"EntryPoint","urlTemplate":"https:\/\/3sense.tech\/es\/?s={search_term_string}"},"query-input":{"@type":"PropertyValueSpecification","valueRequired":true,"valueName":"search_term_string"}}],"inLanguage":"es"},{"@type":"Organization","@id":"https:\/\/3sense.tech\/es\/#organization","name":"3Sense Holding","url":"https:\/\/3sense.tech\/es\/","logo":{"@type":"ImageObject","inLanguage":"es","@id":"https:\/\/3sense.tech\/es\/#\/schema\/logo\/image\/","url":"https:\/\/3sense.tech\/wp-content\/uploads\/2023\/07\/logo-holding-2.png","contentUrl":"https:\/\/3sense.tech\/wp-content\/uploads\/2023\/07\/logo-holding-2.png","width":2198,"height":1538,"caption":"3Sense Holding"},"image":{"@id":"https:\/\/3sense.tech\/es\/#\/schema\/logo\/image\/"}}]}},"tiered_pricing_type":"fixed","tiered_pricing_fixed_rules":[],"tiered_pricing_product_settings":{"layout":"default","base_unit_name":{"singular":null,"plural":null},"default_variation":null},"tiered_pricing_minimum_quantity":null,"tiered_pricing_roles_data":[],"tiered_pricing_percentage_rules":[],"_links":{"self":[{"href":"https:\/\/3sense.tech\/es\/wp-json\/wp\/v2\/product\/1110","targetHints":{"allow":["GET"]}}],"collection":[{"href":"https:\/\/3sense.tech\/es\/wp-json\/wp\/v2\/product"}],"about":[{"href":"https:\/\/3sense.tech\/es\/wp-json\/wp\/v2\/types\/product"}],"wp:featuredmedia":[{"embeddable":true,"href":"https:\/\/3sense.tech\/es\/wp-json\/wp\/v2\/media\/860"}],"wp:attachment":[{"href":"https:\/\/3sense.tech\/es\/wp-json\/wp\/v2\/media?parent=1110"}],"wp:term":[{"taxonomy":"product_brand","embeddable":true,"href":"https:\/\/3sense.tech\/es\/wp-json\/wp\/v2\/product_brand?post=1110"},{"taxonomy":"product_cat","embeddable":true,"href":"https:\/\/3sense.tech\/es\/wp-json\/wp\/v2\/product_cat?post=1110"},{"taxonomy":"product_tag","embeddable":true,"href":"https:\/\/3sense.tech\/es\/wp-json\/wp\/v2\/product_tag?post=1110"}],"curies":[{"name":"wp","href":"https:\/\/api.w.org\/{rel}","templated":true}]}}