{"id":1125,"date":"2023-07-06T22:09:15","date_gmt":"2023-07-06T22:09:15","guid":{"rendered":"https:\/\/3sense.tech\/product\/interface-gps-ts-3sense\/"},"modified":"2023-07-06T22:09:15","modified_gmt":"2023-07-06T22:09:15","slug":"interface-gps-ts-3sense","status":"publish","type":"product","link":"https:\/\/3sense.tech\/es\/product\/interface-gps-ts-3sense\/","title":{"rendered":"Interface GPS-TS 3sense"},"content":{"rendered":"","protected":false},"excerpt":{"rendered":"<p><span>Interface para el monitoreo de productos durante el transporte en tiempo real, muy utilizada en el \u00e1rea m\u00e9dica y cient\u00edfica, alimentos, agricultura y transporte.<\/span><\/p>\n<p><span>Cuenta con sensor interno de temperatura entre -20\u00baC y 60\u00baC<\/span><\/p>\n<p><span>Sensor interno de geo posicionamiento<\/span><\/p>\n<p><span>Transmisi\u00f3n Sigfox<\/span><\/p>\n<p><span>Bater\u00eda ION Li con autonom\u00eda entre 7 y 30 d\u00edas<\/span><\/p>\n<p>IP-67<\/p>\n","protected":false},"featured_media":1123,"template":"","meta":{"_joinchat":[]},"product_brand":[],"product_cat":[131,138,151,161,150,145,132,162],"product_tag":[],"class_list":{"0":"post-1125","1":"product","2":"type-product","3":"status-publish","4":"has-post-thumbnail","6":"product_cat-agricultura","7":"product_cat-alimentos","8":"product_cat-area-medica-y-cientifica","9":"product_cat-envio-y-transporte","10":"product_cat-gps-ts-es","11":"product_cat-interfaces-es","12":"product_cat-interfaces-agricultura","13":"product_cat-sensores-para-interface-envio-y-transporte","15":"first","16":"instock","17":"shipping-taxable","18":"purchasable","19":"product-type-composite"},"yoast_head":"<!-- This site is optimized with the Yoast SEO plugin v24.8 - https:\/\/yoast.com\/wordpress\/plugins\/seo\/ -->\n<title>Interface GPS-TS 3sense - 3Sense<\/title>\n<meta name=\"robots\" content=\"index, follow, max-snippet:-1, max-image-preview:large, max-video-preview:-1\" \/>\n<link rel=\"canonical\" href=\"https:\/\/3sense.tech\/es\/product\/interface-gps-ts-3sense\/\" \/>\n<meta property=\"og:locale\" content=\"es_ES\" \/>\n<meta property=\"og:type\" content=\"article\" \/>\n<meta property=\"og:title\" content=\"Interface GPS-TS 3sense - 3Sense\" \/>\n<meta property=\"og:description\" content=\"Interface para el monitoreo de productos durante el transporte en tiempo real, muy utilizada en el \u00e1rea m\u00e9dica y cient\u00edfica, alimentos, agricultura y transporte. Cuenta con sensor interno de temperatura entre -20\u00baC y 60\u00baC Sensor interno de geo posicionamiento Transmisi\u00f3n Sigfox Bater\u00eda ION Li con autonom\u00eda entre 7 y 30 d\u00edas IP-67\" \/>\n<meta property=\"og:url\" content=\"https:\/\/3sense.tech\/es\/product\/interface-gps-ts-3sense\/\" \/>\n<meta property=\"og:site_name\" content=\"3Sense\" \/>\n<meta property=\"og:image\" content=\"https:\/\/3sense.tech\/wp-content\/uploads\/2023\/07\/GPS-TS-1-2.jpg\" \/>\n\t<meta property=\"og:image:width\" content=\"1350\" \/>\n\t<meta property=\"og:image:height\" content=\"1350\" \/>\n\t<meta property=\"og:image:type\" content=\"image\/jpeg\" \/>\n<meta name=\"twitter:card\" content=\"summary_large_image\" \/>\n<script type=\"application\/ld+json\" class=\"yoast-schema-graph\">{\"@context\":\"https:\/\/schema.org\",\"@graph\":[{\"@type\":\"WebPage\",\"@id\":\"https:\/\/3sense.tech\/es\/product\/interface-gps-ts-3sense\/\",\"url\":\"https:\/\/3sense.tech\/es\/product\/interface-gps-ts-3sense\/\",\"name\":\"Interface GPS-TS 3sense - 3Sense\",\"isPartOf\":{\"@id\":\"https:\/\/3sense.tech\/es\/#website\"},\"primaryImageOfPage\":{\"@id\":\"https:\/\/3sense.tech\/es\/product\/interface-gps-ts-3sense\/#primaryimage\"},\"image\":{\"@id\":\"https:\/\/3sense.tech\/es\/product\/interface-gps-ts-3sense\/#primaryimage\"},\"thumbnailUrl\":\"https:\/\/3sense.tech\/wp-content\/uploads\/2023\/07\/GPS-TS-1-2.jpg\",\"datePublished\":\"2023-07-06T22:09:15+00:00\",\"breadcrumb\":{\"@id\":\"https:\/\/3sense.tech\/es\/product\/interface-gps-ts-3sense\/#breadcrumb\"},\"inLanguage\":\"es\",\"potentialAction\":[{\"@type\":\"ReadAction\",\"target\":[\"https:\/\/3sense.tech\/es\/product\/interface-gps-ts-3sense\/\"]}]},{\"@type\":\"ImageObject\",\"inLanguage\":\"es\",\"@id\":\"https:\/\/3sense.tech\/es\/product\/interface-gps-ts-3sense\/#primaryimage\",\"url\":\"https:\/\/3sense.tech\/wp-content\/uploads\/2023\/07\/GPS-TS-1-2.jpg\",\"contentUrl\":\"https:\/\/3sense.tech\/wp-content\/uploads\/2023\/07\/GPS-TS-1-2.jpg\",\"width\":1350,\"height\":1350,\"caption\":\"Interface GPS-TS 3sense\"},{\"@type\":\"BreadcrumbList\",\"@id\":\"https:\/\/3sense.tech\/es\/product\/interface-gps-ts-3sense\/#breadcrumb\",\"itemListElement\":[{\"@type\":\"ListItem\",\"position\":1,\"name\":\"Home\",\"item\":\"https:\/\/3sense.tech\/es\/inicio\/\"},{\"@type\":\"ListItem\",\"position\":2,\"name\":\"Tienda\",\"item\":\"https:\/\/3sense.tech\/es\/tienda\/\"},{\"@type\":\"ListItem\",\"position\":3,\"name\":\"Interface GPS-TS 3sense\"}]},{\"@type\":\"WebSite\",\"@id\":\"https:\/\/3sense.tech\/es\/#website\",\"url\":\"https:\/\/3sense.tech\/es\/\",\"name\":\"3Sense Holding\",\"description\":\"\",\"publisher\":{\"@id\":\"https:\/\/3sense.tech\/es\/#organization\"},\"potentialAction\":[{\"@type\":\"SearchAction\",\"target\":{\"@type\":\"EntryPoint\",\"urlTemplate\":\"https:\/\/3sense.tech\/es\/?s={search_term_string}\"},\"query-input\":{\"@type\":\"PropertyValueSpecification\",\"valueRequired\":true,\"valueName\":\"search_term_string\"}}],\"inLanguage\":\"es\"},{\"@type\":\"Organization\",\"@id\":\"https:\/\/3sense.tech\/es\/#organization\",\"name\":\"3Sense Holding\",\"url\":\"https:\/\/3sense.tech\/es\/\",\"logo\":{\"@type\":\"ImageObject\",\"inLanguage\":\"es\",\"@id\":\"https:\/\/3sense.tech\/es\/#\/schema\/logo\/image\/\",\"url\":\"https:\/\/3sense.tech\/wp-content\/uploads\/2023\/07\/logo-holding-2.png\",\"contentUrl\":\"https:\/\/3sense.tech\/wp-content\/uploads\/2023\/07\/logo-holding-2.png\",\"width\":2198,\"height\":1538,\"caption\":\"3Sense Holding\"},\"image\":{\"@id\":\"https:\/\/3sense.tech\/es\/#\/schema\/logo\/image\/\"}}]}<\/script>\n<!-- \/ Yoast SEO plugin. -->","yoast_head_json":{"title":"Interface GPS-TS 3sense - 3Sense","robots":{"index":"index","follow":"follow","max-snippet":"max-snippet:-1","max-image-preview":"max-image-preview:large","max-video-preview":"max-video-preview:-1"},"canonical":"https:\/\/3sense.tech\/es\/product\/interface-gps-ts-3sense\/","og_locale":"es_ES","og_type":"article","og_title":"Interface GPS-TS 3sense - 3Sense","og_description":"Interface para el monitoreo de productos durante el transporte en tiempo real, muy utilizada en el \u00e1rea m\u00e9dica y cient\u00edfica, alimentos, agricultura y transporte. Cuenta con sensor interno de temperatura entre -20\u00baC y 60\u00baC Sensor interno de geo posicionamiento Transmisi\u00f3n Sigfox Bater\u00eda ION Li con autonom\u00eda entre 7 y 30 d\u00edas IP-67","og_url":"https:\/\/3sense.tech\/es\/product\/interface-gps-ts-3sense\/","og_site_name":"3Sense","og_image":[{"width":1350,"height":1350,"url":"https:\/\/3sense.tech\/wp-content\/uploads\/2023\/07\/GPS-TS-1-2.jpg","type":"image\/jpeg"}],"twitter_card":"summary_large_image","schema":{"@context":"https:\/\/schema.org","@graph":[{"@type":"WebPage","@id":"https:\/\/3sense.tech\/es\/product\/interface-gps-ts-3sense\/","url":"https:\/\/3sense.tech\/es\/product\/interface-gps-ts-3sense\/","name":"Interface GPS-TS 3sense - 3Sense","isPartOf":{"@id":"https:\/\/3sense.tech\/es\/#website"},"primaryImageOfPage":{"@id":"https:\/\/3sense.tech\/es\/product\/interface-gps-ts-3sense\/#primaryimage"},"image":{"@id":"https:\/\/3sense.tech\/es\/product\/interface-gps-ts-3sense\/#primaryimage"},"thumbnailUrl":"https:\/\/3sense.tech\/wp-content\/uploads\/2023\/07\/GPS-TS-1-2.jpg","datePublished":"2023-07-06T22:09:15+00:00","breadcrumb":{"@id":"https:\/\/3sense.tech\/es\/product\/interface-gps-ts-3sense\/#breadcrumb"},"inLanguage":"es","potentialAction":[{"@type":"ReadAction","target":["https:\/\/3sense.tech\/es\/product\/interface-gps-ts-3sense\/"]}]},{"@type":"ImageObject","inLanguage":"es","@id":"https:\/\/3sense.tech\/es\/product\/interface-gps-ts-3sense\/#primaryimage","url":"https:\/\/3sense.tech\/wp-content\/uploads\/2023\/07\/GPS-TS-1-2.jpg","contentUrl":"https:\/\/3sense.tech\/wp-content\/uploads\/2023\/07\/GPS-TS-1-2.jpg","width":1350,"height":1350,"caption":"Interface GPS-TS 3sense"},{"@type":"BreadcrumbList","@id":"https:\/\/3sense.tech\/es\/product\/interface-gps-ts-3sense\/#breadcrumb","itemListElement":[{"@type":"ListItem","position":1,"name":"Home","item":"https:\/\/3sense.tech\/es\/inicio\/"},{"@type":"ListItem","position":2,"name":"Tienda","item":"https:\/\/3sense.tech\/es\/tienda\/"},{"@type":"ListItem","position":3,"name":"Interface GPS-TS 3sense"}]},{"@type":"WebSite","@id":"https:\/\/3sense.tech\/es\/#website","url":"https:\/\/3sense.tech\/es\/","name":"3Sense Holding","description":"","publisher":{"@id":"https:\/\/3sense.tech\/es\/#organization"},"potentialAction":[{"@type":"SearchAction","target":{"@type":"EntryPoint","urlTemplate":"https:\/\/3sense.tech\/es\/?s={search_term_string}"},"query-input":{"@type":"PropertyValueSpecification","valueRequired":true,"valueName":"search_term_string"}}],"inLanguage":"es"},{"@type":"Organization","@id":"https:\/\/3sense.tech\/es\/#organization","name":"3Sense Holding","url":"https:\/\/3sense.tech\/es\/","logo":{"@type":"ImageObject","inLanguage":"es","@id":"https:\/\/3sense.tech\/es\/#\/schema\/logo\/image\/","url":"https:\/\/3sense.tech\/wp-content\/uploads\/2023\/07\/logo-holding-2.png","contentUrl":"https:\/\/3sense.tech\/wp-content\/uploads\/2023\/07\/logo-holding-2.png","width":2198,"height":1538,"caption":"3Sense Holding"},"image":{"@id":"https:\/\/3sense.tech\/es\/#\/schema\/logo\/image\/"}}]}},"tiered_pricing_type":"fixed","tiered_pricing_fixed_rules":[],"tiered_pricing_product_settings":{"layout":"default","base_unit_name":{"singular":null,"plural":null},"default_variation":null},"tiered_pricing_minimum_quantity":null,"tiered_pricing_roles_data":[],"tiered_pricing_percentage_rules":[],"_links":{"self":[{"href":"https:\/\/3sense.tech\/es\/wp-json\/wp\/v2\/product\/1125","targetHints":{"allow":["GET"]}}],"collection":[{"href":"https:\/\/3sense.tech\/es\/wp-json\/wp\/v2\/product"}],"about":[{"href":"https:\/\/3sense.tech\/es\/wp-json\/wp\/v2\/types\/product"}],"wp:featuredmedia":[{"embeddable":true,"href":"https:\/\/3sense.tech\/es\/wp-json\/wp\/v2\/media\/1123"}],"wp:attachment":[{"href":"https:\/\/3sense.tech\/es\/wp-json\/wp\/v2\/media?parent=1125"}],"wp:term":[{"taxonomy":"product_brand","embeddable":true,"href":"https:\/\/3sense.tech\/es\/wp-json\/wp\/v2\/product_brand?post=1125"},{"taxonomy":"product_cat","embeddable":true,"href":"https:\/\/3sense.tech\/es\/wp-json\/wp\/v2\/product_cat?post=1125"},{"taxonomy":"product_tag","embeddable":true,"href":"https:\/\/3sense.tech\/es\/wp-json\/wp\/v2\/product_tag?post=1125"}],"curies":[{"name":"wp","href":"https:\/\/api.w.org\/{rel}","templated":true}]}}