{"id":983,"date":"2023-07-05T23:04:25","date_gmt":"2023-07-05T23:04:25","guid":{"rendered":"https:\/\/3sense.tech\/product\/interface-pro-e-1-0\/"},"modified":"2023-07-05T23:04:25","modified_gmt":"2023-07-05T23:04:25","slug":"interface-proe-1","status":"publish","type":"product","link":"https:\/\/3sense.tech\/es\/product\/interface-proe-1\/","title":{"rendered":"Interface Pro-E 1.0"},"content":{"rendered":"","protected":false},"excerpt":{"rendered":"<p>Interface muy utilizada en el \u00e1rea de la salud, laboratorios y de alimentos.<\/p>\n<p>Ideal para monitorear ambientes en humedad relativa y temperatura, refrigeradores, congeladores e incubadoras.<\/p>\n<p>Capacidad de usar hasta 2 sensores simult\u00e1neamente, uno de temperatura y uno ambiental de humedad relativa y temperatura<\/p>\n<p>Cuenta con pantalla de cristal liquido<\/p>\n<p>Bater\u00eda AA<\/p>\n<p>Conectividad Wifi<\/p>\n<p>Incluye un a\u00f1o de plataforma Web<\/p>\n<p>Almacenamiento del m\u00e1ximo y m\u00ednimo diario de las variables<\/p>\n<p>IP-40<\/p>\n","protected":false},"featured_media":447,"template":"","meta":{"_joinchat":[]},"product_brand":[],"product_cat":[131,138,151,152,145,132,139,146],"product_tag":[],"class_list":{"0":"post-983","1":"product","2":"type-product","3":"status-publish","4":"has-post-thumbnail","6":"product_cat-agricultura","7":"product_cat-alimentos","8":"product_cat-area-medica-y-cientifica","9":"product_cat-interface-area-medica-y-cientifica","10":"product_cat-interfaces-es","11":"product_cat-interfaces-agricultura","12":"product_cat-interfaces-alimentos","13":"product_cat-pro-e-1-0-es","15":"first","16":"instock","17":"taxable","18":"shipping-taxable","19":"purchasable","20":"product-type-composite"},"yoast_head":"<!-- This site is optimized with the Yoast SEO plugin v24.8 - https:\/\/yoast.com\/wordpress\/plugins\/seo\/ -->\n<title>Interface Pro-E 1.0 - 3Sense<\/title>\n<meta name=\"robots\" content=\"index, follow, max-snippet:-1, max-image-preview:large, max-video-preview:-1\" \/>\n<link rel=\"canonical\" href=\"https:\/\/3sense.tech\/es\/product\/interface-proe-1\/\" \/>\n<meta property=\"og:locale\" content=\"es_ES\" \/>\n<meta property=\"og:type\" content=\"article\" \/>\n<meta property=\"og:title\" content=\"Interface Pro-E 1.0 - 3Sense\" \/>\n<meta property=\"og:description\" content=\"Interface muy utilizada en el \u00e1rea de la salud, laboratorios y de alimentos. Ideal para monitorear ambientes en humedad relativa y temperatura, refrigeradores, congeladores e incubadoras. Capacidad de usar hasta 2 sensores simult\u00e1neamente, uno de temperatura y uno ambiental de humedad relativa y temperatura Cuenta con pantalla de cristal liquido Bater\u00eda AA Conectividad Wifi Incluye un a\u00f1o de plataforma Web Almacenamiento del m\u00e1ximo y m\u00ednimo diario de las variables IP-40\" \/>\n<meta property=\"og:url\" content=\"https:\/\/3sense.tech\/es\/product\/interface-proe-1\/\" \/>\n<meta property=\"og:site_name\" content=\"3Sense\" \/>\n<meta property=\"og:image\" content=\"https:\/\/3sense.tech\/wp-content\/uploads\/2023\/07\/Interface-Pro-E-1.0.jpg\" \/>\n\t<meta property=\"og:image:width\" content=\"1350\" \/>\n\t<meta property=\"og:image:height\" content=\"1350\" \/>\n\t<meta property=\"og:image:type\" content=\"image\/jpeg\" \/>\n<meta name=\"twitter:card\" content=\"summary_large_image\" \/>\n<script type=\"application\/ld+json\" class=\"yoast-schema-graph\">{\"@context\":\"https:\/\/schema.org\",\"@graph\":[{\"@type\":\"WebPage\",\"@id\":\"https:\/\/3sense.tech\/es\/product\/interface-proe-1\/\",\"url\":\"https:\/\/3sense.tech\/es\/product\/interface-proe-1\/\",\"name\":\"Interface Pro-E 1.0 - 3Sense\",\"isPartOf\":{\"@id\":\"https:\/\/3sense.tech\/es\/#website\"},\"primaryImageOfPage\":{\"@id\":\"https:\/\/3sense.tech\/es\/product\/interface-proe-1\/#primaryimage\"},\"image\":{\"@id\":\"https:\/\/3sense.tech\/es\/product\/interface-proe-1\/#primaryimage\"},\"thumbnailUrl\":\"https:\/\/3sense.tech\/wp-content\/uploads\/2023\/07\/Interface-Pro-E-1.0.jpg\",\"datePublished\":\"2023-07-05T23:04:25+00:00\",\"breadcrumb\":{\"@id\":\"https:\/\/3sense.tech\/es\/product\/interface-proe-1\/#breadcrumb\"},\"inLanguage\":\"es\",\"potentialAction\":[{\"@type\":\"ReadAction\",\"target\":[\"https:\/\/3sense.tech\/es\/product\/interface-proe-1\/\"]}]},{\"@type\":\"ImageObject\",\"inLanguage\":\"es\",\"@id\":\"https:\/\/3sense.tech\/es\/product\/interface-proe-1\/#primaryimage\",\"url\":\"https:\/\/3sense.tech\/wp-content\/uploads\/2023\/07\/Interface-Pro-E-1.0.jpg\",\"contentUrl\":\"https:\/\/3sense.tech\/wp-content\/uploads\/2023\/07\/Interface-Pro-E-1.0.jpg\",\"width\":1350,\"height\":1350,\"caption\":\"Interface Pro-E 1.0\"},{\"@type\":\"BreadcrumbList\",\"@id\":\"https:\/\/3sense.tech\/es\/product\/interface-proe-1\/#breadcrumb\",\"itemListElement\":[{\"@type\":\"ListItem\",\"position\":1,\"name\":\"Home\",\"item\":\"https:\/\/3sense.tech\/es\/inicio\/\"},{\"@type\":\"ListItem\",\"position\":2,\"name\":\"Tienda\",\"item\":\"https:\/\/3sense.tech\/es\/tienda\/\"},{\"@type\":\"ListItem\",\"position\":3,\"name\":\"Interface Pro-E 1.0\"}]},{\"@type\":\"WebSite\",\"@id\":\"https:\/\/3sense.tech\/es\/#website\",\"url\":\"https:\/\/3sense.tech\/es\/\",\"name\":\"3Sense Holding\",\"description\":\"\",\"publisher\":{\"@id\":\"https:\/\/3sense.tech\/es\/#organization\"},\"potentialAction\":[{\"@type\":\"SearchAction\",\"target\":{\"@type\":\"EntryPoint\",\"urlTemplate\":\"https:\/\/3sense.tech\/es\/?s={search_term_string}\"},\"query-input\":{\"@type\":\"PropertyValueSpecification\",\"valueRequired\":true,\"valueName\":\"search_term_string\"}}],\"inLanguage\":\"es\"},{\"@type\":\"Organization\",\"@id\":\"https:\/\/3sense.tech\/es\/#organization\",\"name\":\"3Sense Holding\",\"url\":\"https:\/\/3sense.tech\/es\/\",\"logo\":{\"@type\":\"ImageObject\",\"inLanguage\":\"es\",\"@id\":\"https:\/\/3sense.tech\/es\/#\/schema\/logo\/image\/\",\"url\":\"https:\/\/3sense.tech\/wp-content\/uploads\/2023\/07\/logo-holding-2.png\",\"contentUrl\":\"https:\/\/3sense.tech\/wp-content\/uploads\/2023\/07\/logo-holding-2.png\",\"width\":2198,\"height\":1538,\"caption\":\"3Sense Holding\"},\"image\":{\"@id\":\"https:\/\/3sense.tech\/es\/#\/schema\/logo\/image\/\"}}]}<\/script>\n<!-- \/ Yoast SEO plugin. -->","yoast_head_json":{"title":"Interface Pro-E 1.0 - 3Sense","robots":{"index":"index","follow":"follow","max-snippet":"max-snippet:-1","max-image-preview":"max-image-preview:large","max-video-preview":"max-video-preview:-1"},"canonical":"https:\/\/3sense.tech\/es\/product\/interface-proe-1\/","og_locale":"es_ES","og_type":"article","og_title":"Interface Pro-E 1.0 - 3Sense","og_description":"Interface muy utilizada en el \u00e1rea de la salud, laboratorios y de alimentos. Ideal para monitorear ambientes en humedad relativa y temperatura, refrigeradores, congeladores e incubadoras. Capacidad de usar hasta 2 sensores simult\u00e1neamente, uno de temperatura y uno ambiental de humedad relativa y temperatura Cuenta con pantalla de cristal liquido Bater\u00eda AA Conectividad Wifi Incluye un a\u00f1o de plataforma Web Almacenamiento del m\u00e1ximo y m\u00ednimo diario de las variables IP-40","og_url":"https:\/\/3sense.tech\/es\/product\/interface-proe-1\/","og_site_name":"3Sense","og_image":[{"width":1350,"height":1350,"url":"https:\/\/3sense.tech\/wp-content\/uploads\/2023\/07\/Interface-Pro-E-1.0.jpg","type":"image\/jpeg"}],"twitter_card":"summary_large_image","schema":{"@context":"https:\/\/schema.org","@graph":[{"@type":"WebPage","@id":"https:\/\/3sense.tech\/es\/product\/interface-proe-1\/","url":"https:\/\/3sense.tech\/es\/product\/interface-proe-1\/","name":"Interface Pro-E 1.0 - 3Sense","isPartOf":{"@id":"https:\/\/3sense.tech\/es\/#website"},"primaryImageOfPage":{"@id":"https:\/\/3sense.tech\/es\/product\/interface-proe-1\/#primaryimage"},"image":{"@id":"https:\/\/3sense.tech\/es\/product\/interface-proe-1\/#primaryimage"},"thumbnailUrl":"https:\/\/3sense.tech\/wp-content\/uploads\/2023\/07\/Interface-Pro-E-1.0.jpg","datePublished":"2023-07-05T23:04:25+00:00","breadcrumb":{"@id":"https:\/\/3sense.tech\/es\/product\/interface-proe-1\/#breadcrumb"},"inLanguage":"es","potentialAction":[{"@type":"ReadAction","target":["https:\/\/3sense.tech\/es\/product\/interface-proe-1\/"]}]},{"@type":"ImageObject","inLanguage":"es","@id":"https:\/\/3sense.tech\/es\/product\/interface-proe-1\/#primaryimage","url":"https:\/\/3sense.tech\/wp-content\/uploads\/2023\/07\/Interface-Pro-E-1.0.jpg","contentUrl":"https:\/\/3sense.tech\/wp-content\/uploads\/2023\/07\/Interface-Pro-E-1.0.jpg","width":1350,"height":1350,"caption":"Interface Pro-E 1.0"},{"@type":"BreadcrumbList","@id":"https:\/\/3sense.tech\/es\/product\/interface-proe-1\/#breadcrumb","itemListElement":[{"@type":"ListItem","position":1,"name":"Home","item":"https:\/\/3sense.tech\/es\/inicio\/"},{"@type":"ListItem","position":2,"name":"Tienda","item":"https:\/\/3sense.tech\/es\/tienda\/"},{"@type":"ListItem","position":3,"name":"Interface Pro-E 1.0"}]},{"@type":"WebSite","@id":"https:\/\/3sense.tech\/es\/#website","url":"https:\/\/3sense.tech\/es\/","name":"3Sense Holding","description":"","publisher":{"@id":"https:\/\/3sense.tech\/es\/#organization"},"potentialAction":[{"@type":"SearchAction","target":{"@type":"EntryPoint","urlTemplate":"https:\/\/3sense.tech\/es\/?s={search_term_string}"},"query-input":{"@type":"PropertyValueSpecification","valueRequired":true,"valueName":"search_term_string"}}],"inLanguage":"es"},{"@type":"Organization","@id":"https:\/\/3sense.tech\/es\/#organization","name":"3Sense Holding","url":"https:\/\/3sense.tech\/es\/","logo":{"@type":"ImageObject","inLanguage":"es","@id":"https:\/\/3sense.tech\/es\/#\/schema\/logo\/image\/","url":"https:\/\/3sense.tech\/wp-content\/uploads\/2023\/07\/logo-holding-2.png","contentUrl":"https:\/\/3sense.tech\/wp-content\/uploads\/2023\/07\/logo-holding-2.png","width":2198,"height":1538,"caption":"3Sense Holding"},"image":{"@id":"https:\/\/3sense.tech\/es\/#\/schema\/logo\/image\/"}}]}},"tiered_pricing_type":"fixed","tiered_pricing_fixed_rules":[],"tiered_pricing_product_settings":{"layout":"default","base_unit_name":{"singular":null,"plural":null},"default_variation":null},"tiered_pricing_minimum_quantity":null,"tiered_pricing_roles_data":[],"tiered_pricing_percentage_rules":[],"_links":{"self":[{"href":"https:\/\/3sense.tech\/es\/wp-json\/wp\/v2\/product\/983","targetHints":{"allow":["GET"]}}],"collection":[{"href":"https:\/\/3sense.tech\/es\/wp-json\/wp\/v2\/product"}],"about":[{"href":"https:\/\/3sense.tech\/es\/wp-json\/wp\/v2\/types\/product"}],"wp:featuredmedia":[{"embeddable":true,"href":"https:\/\/3sense.tech\/es\/wp-json\/wp\/v2\/media\/447"}],"wp:attachment":[{"href":"https:\/\/3sense.tech\/es\/wp-json\/wp\/v2\/media?parent=983"}],"wp:term":[{"taxonomy":"product_brand","embeddable":true,"href":"https:\/\/3sense.tech\/es\/wp-json\/wp\/v2\/product_brand?post=983"},{"taxonomy":"product_cat","embeddable":true,"href":"https:\/\/3sense.tech\/es\/wp-json\/wp\/v2\/product_cat?post=983"},{"taxonomy":"product_tag","embeddable":true,"href":"https:\/\/3sense.tech\/es\/wp-json\/wp\/v2\/product_tag?post=983"}],"curies":[{"name":"wp","href":"https:\/\/api.w.org\/{rel}","templated":true}]}}